{"id":1203,"date":"2019-04-26T16:55:31","date_gmt":"2019-04-26T14:55:31","guid":{"rendered":"https:\/\/www.policeboraine.be\/Police-Boraine\/?page_id=1203"},"modified":"2023-07-13T13:40:21","modified_gmt":"2023-07-13T11:40:21","slug":"le-reglement-general-de-police","status":"publish","type":"page","link":"https:\/\/www.policeboraine.be\/Police-Boraine\/le-reglement-general-de-police\/","title":{"rendered":"Le R\u00e8glement G\u00e9n\u00e9ral de Police"},"content":{"rendered":"\n<p>Le R\u00e8glement g\u00e9n\u00e9ral de police d\u00e9finit les droits et devoirs en mati\u00e8re de s\u00fbret\u00e9 et de commodit\u00e9 de passage sur la voie publique, de tranquillit\u00e9 et de s\u00e9curit\u00e9 publiques, l\u2019hygi\u00e8ne et la salubrit\u00e9 publiques ainsi que les amendes administratives. C'est un document important qui contribue \"au bien vivre ensemble\". <\/p>\n\n\n\n<p><\/p>\n\n\n\n<div data-wp-interactive=\"core\/file\" class=\"wp-block-file\"><object data-wp-bind--hidden=\"!state.hasPdfPreview\" hidden class=\"wp-block-file__embed\" data=\"https:\/\/www.policeboraine.be\/Police-Boraine\/wp-content\/uploads\/2023\/07\/RGP_NEW.pdf\" type=\"application\/pdf\" style=\"width:100%;height:600px\" aria-label=\"Contenu embarqu\u00e9 R\u00e8glement G\u00e9n\u00e9ral de Police - version 2023.\"><\/object><a id=\"wp-block-file--media-c4a199b7-4062-48bb-ae2b-621263db112a\" href=\"https:\/\/www.policeboraine.be\/Police-Boraine\/wp-content\/uploads\/2023\/07\/RGP_NEW.pdf\">R\u00e8glement G\u00e9n\u00e9ral de Police - version 2023<\/a><a href=\"https:\/\/www.policeboraine.be\/Police-Boraine\/wp-content\/uploads\/2023\/07\/RGP_NEW.pdf\" class=\"wp-block-file__button wp-element-button\" download aria-describedby=\"wp-block-file--media-c4a199b7-4062-48bb-ae2b-621263db112a\">T\u00e9l\u00e9charger<\/a><\/div>\n","protected":false},"excerpt":{"rendered":"<p>Le R\u00e8glement g\u00e9n\u00e9ral de police d\u00e9finit les droits et devoirs en mati\u00e8re de s\u00fbret\u00e9 et de commodit\u00e9 de passage sur la voie publique, de tranquillit\u00e9 et de s\u00e9curit\u00e9 publiques, l\u2019hygi\u00e8ne et la salubrit\u00e9 publiques ainsi que les amendes administratives. C&rsquo;est&#8230; <a class = \"more-link\" href=\"https:\/\/www.policeboraine.be\/Police-Boraine\/le-reglement-general-de-police\/\">Lire la suite<\/a><\/p>\n","protected":false},"author":11,"featured_media":0,"parent":0,"menu_order":0,"comment_status":"closed","ping_status":"closed","template":"","meta":{"_uag_custom_page_level_css":"","_monsterinsights_skip_tracking":false,"_monsterinsights_sitenote_active":false,"_monsterinsights_sitenote_note":"","_monsterinsights_sitenote_category":0,"footnotes":""},"class_list":["post-1203","page","type-page","status-publish","hentry"],"uagb_featured_image_src":{"full":false,"thumbnail":false,"medium":false,"medium_large":false,"large":false,"1536x1536":false,"2048x2048":false},"uagb_author_info":{"display_name":"Stephane Archetti","author_link":"https:\/\/www.policeboraine.be\/Police-Boraine\/author\/admins\/"},"uagb_comment_info":0,"uagb_excerpt":"Le R\u00e8glement g\u00e9n\u00e9ral de police d\u00e9finit les droits et devoirs en mati\u00e8re de s\u00fbret\u00e9 et de commodit\u00e9 de passage sur la voie publique, de tranquillit\u00e9 et de s\u00e9curit\u00e9 publiques, l\u2019hygi\u00e8ne et la salubrit\u00e9 publiques ainsi que les amendes administratives. C'est... Lire la suite","_links":{"self":[{"href":"https:\/\/www.policeboraine.be\/Police-Boraine\/wp-json\/wp\/v2\/pages\/1203","targetHints":{"allow":["GET"]}}],"collection":[{"href":"https:\/\/www.policeboraine.be\/Police-Boraine\/wp-json\/wp\/v2\/pages"}],"about":[{"href":"https:\/\/www.policeboraine.be\/Police-Boraine\/wp-json\/wp\/v2\/types\/page"}],"author":[{"embeddable":true,"href":"https:\/\/www.policeboraine.be\/Police-Boraine\/wp-json\/wp\/v2\/users\/11"}],"replies":[{"embeddable":true,"href":"https:\/\/www.policeboraine.be\/Police-Boraine\/wp-json\/wp\/v2\/comments?post=1203"}],"version-history":[{"count":6,"href":"https:\/\/www.policeboraine.be\/Police-Boraine\/wp-json\/wp\/v2\/pages\/1203\/revisions"}],"predecessor-version":[{"id":3402,"href":"https:\/\/www.policeboraine.be\/Police-Boraine\/wp-json\/wp\/v2\/pages\/1203\/revisions\/3402"}],"wp:attachment":[{"href":"https:\/\/www.policeboraine.be\/Police-Boraine\/wp-json\/wp\/v2\/media?parent=1203"}],"curies":[{"name":"wp","href":"https:\/\/api.w.org\/{rel}","templated":true}]}}