{"id":1382,"date":"2019-11-29T10:30:00","date_gmt":"2019-11-29T09:30:00","guid":{"rendered":"https:\/\/www.policeboraine.be\/Police-Boraine\/?page_id=1382"},"modified":"2020-06-16T15:36:13","modified_gmt":"2020-06-16T13:36:13","slug":"formulaire-dabsence-prolongee","status":"publish","type":"page","link":"https:\/\/www.policeboraine.be\/Police-Boraine\/formulaire-dabsence-prolongee\/","title":{"rendered":"Formulaire d&rsquo;absence prolong\u00e9e"},"content":{"rendered":"\n<p><img loading=\"lazy\" decoding=\"async\" class=\"aligncenter size-medium wp-image-806\" src=\"https:\/\/www.policeboraine.be\/Police-Boraine\/wp-content\/uploads\/2018\/05\/Blason_ZP_Boraine_FINAL-236x300.jpg\" alt=\"\" width=\"236\" height=\"300\" srcset=\"https:\/\/www.policeboraine.be\/Police-Boraine\/wp-content\/uploads\/2018\/05\/Blason_ZP_Boraine_FINAL-236x300.jpg 236w, https:\/\/www.policeboraine.be\/Police-Boraine\/wp-content\/uploads\/2018\/05\/Blason_ZP_Boraine_FINAL-768x977.jpg 768w, https:\/\/www.policeboraine.be\/Police-Boraine\/wp-content\/uploads\/2018\/05\/Blason_ZP_Boraine_FINAL-805x1024.jpg 805w, https:\/\/www.policeboraine.be\/Police-Boraine\/wp-content\/uploads\/2018\/05\/Blason_ZP_Boraine_FINAL.jpg 1529w\" sizes=\"auto, (max-width: 236px) 100vw, 236px\" \/><\/p>\n\n\n\n<p><strong>Vous partez pendant une longue p\u00e9riode (vacances, d\u00e9placement professionnel) et vous d\u00e9sirez que la Police vienne surveiller les alentours de votre habitation durant cette p\u00e9riode ?<\/strong><\/p>\n<p>Vous retrouverez en bas de page le formulaire num\u00e9rique d'absence prolong\u00e9e \u00e0 compl\u00e9ter selon votre commune de r\u00e9sidence (qui est \u00e0 sp\u00e9cifier dans le formulaire).<\/p>\n<p>Une fois compl\u00e9t\u00e9, ce formulaire sera directement envoy\u00e9 vers le service de Police comp\u00e9tent ce qui repr\u00e9sente un gain de temps consid\u00e9rable pour vous.<\/p>\n<p>Les champs munis d'une ast\u00e9risque rouge (<span style=\"color: #ff0000;\">*<\/span>) sont obligatoires, c'est \u00e0 dire que vous ne pouvez pas envoyer le formulaire si ces champs ne sont pas remplis !<\/p>\n<p>Sachez \u00e9galement que vous pouvez toujours passer par l'un de nos bureaux pour nous signaler vos absences de longue dur\u00e9e.<\/p>\n\n\n\n<p style=\"text-align: center;\"><strong>Le formulaire \u00e0 compl\u00e9ter est disponible <\/strong><a title=\"LienFormulaireABSProlong\u00e9e\" href=\"https:\/\/forms.office.com\/Pages\/ResponsePage.aspx?id=CGrg98JXnke_peY6bdg1GOW7oARtkd5Dm5aUwBbUeCFUMVJQSFhOQktKT1lNT0RPR0VONzFZQkxYVyQlQCN0PWcu\" target=\"blank\" rel=\"noopener noreferrer\"><strong>ici<\/strong><\/a><\/p>\n","protected":false},"excerpt":{"rendered":"<p>Vous partez pendant une longue p\u00e9riode (vacances, d\u00e9placement professionnel) et vous d\u00e9sirez que la Police vienne surveiller les alentours de votre habitation durant cette p\u00e9riode ? Vous retrouverez en bas de page le formulaire num\u00e9rique d&rsquo;absence prolong\u00e9e \u00e0 compl\u00e9ter selon&#8230; <a class = \"more-link\" href=\"https:\/\/www.policeboraine.be\/Police-Boraine\/formulaire-dabsence-prolongee\/\">Lire la suite<\/a><\/p>\n","protected":false},"author":15,"featured_media":0,"parent":0,"menu_order":0,"comment_status":"closed","ping_status":"closed","template":"","meta":{"_uag_custom_page_level_css":"","_monsterinsights_skip_tracking":false,"_monsterinsights_sitenote_active":false,"_monsterinsights_sitenote_note":"","_monsterinsights_sitenote_category":0,"footnotes":""},"class_list":["post-1382","page","type-page","status-publish","hentry"],"uagb_featured_image_src":{"full":false,"thumbnail":false,"medium":false,"medium_large":false,"large":false,"1536x1536":false,"2048x2048":false},"uagb_author_info":{"display_name":"S\u00e9bastien Binnemans","author_link":"https:\/\/www.policeboraine.be\/Police-Boraine\/author\/adminb\/"},"uagb_comment_info":0,"uagb_excerpt":"Vous partez pendant une longue p\u00e9riode (vacances, d\u00e9placement professionnel) et vous d\u00e9sirez que la Police vienne surveiller les alentours de votre habitation durant cette p\u00e9riode ? Vous retrouverez en bas de page le formulaire num\u00e9rique d'absence prolong\u00e9e \u00e0 compl\u00e9ter selon... Lire la suite","_links":{"self":[{"href":"https:\/\/www.policeboraine.be\/Police-Boraine\/wp-json\/wp\/v2\/pages\/1382","targetHints":{"allow":["GET"]}}],"collection":[{"href":"https:\/\/www.policeboraine.be\/Police-Boraine\/wp-json\/wp\/v2\/pages"}],"about":[{"href":"https:\/\/www.policeboraine.be\/Police-Boraine\/wp-json\/wp\/v2\/types\/page"}],"author":[{"embeddable":true,"href":"https:\/\/www.policeboraine.be\/Police-Boraine\/wp-json\/wp\/v2\/users\/15"}],"replies":[{"embeddable":true,"href":"https:\/\/www.policeboraine.be\/Police-Boraine\/wp-json\/wp\/v2\/comments?post=1382"}],"version-history":[{"count":8,"href":"https:\/\/www.policeboraine.be\/Police-Boraine\/wp-json\/wp\/v2\/pages\/1382\/revisions"}],"predecessor-version":[{"id":1756,"href":"https:\/\/www.policeboraine.be\/Police-Boraine\/wp-json\/wp\/v2\/pages\/1382\/revisions\/1756"}],"wp:attachment":[{"href":"https:\/\/www.policeboraine.be\/Police-Boraine\/wp-json\/wp\/v2\/media?parent=1382"}],"curies":[{"name":"wp","href":"https:\/\/api.w.org\/{rel}","templated":true}]}}