{"id":14,"date":"2019-03-31T09:38:20","date_gmt":"2019-03-31T07:38:20","guid":{"rendered":"http:\/\/www.policeboraine.be\/Police-Boraine\/?page_id=14"},"modified":"2025-01-20T12:12:51","modified_gmt":"2025-01-20T11:12:51","slug":"mot-du-chef-de-corps","status":"publish","type":"page","link":"https:\/\/www.policeboraine.be\/Police-Boraine\/mot-du-chef-de-corps\/","title":{"rendered":"Mot du Chef de Corps"},"content":{"rendered":"<p><img loading=\"lazy\" decoding=\"async\" class=\"alignleft size-thumbnail wp-image-125\" src=\"https:\/\/www.policeboraine.be\/Police-Boraine\/wp-content\/uploads\/2018\/02\/1505990415124_27988_prestation_delrot_jfe-150x150.png\" alt=\"\" width=\"150\" height=\"150\" \/><\/p>\n<p><b><span style=\"color: #000000; font-family: Calibri;\">Bienvenue sur notre nouveau site internet ! <\/span><\/b><\/p>\n<p><span style=\"color: #000000; font-family: Calibri;\">Chers internautes,<\/span><\/p>\n<p><span style=\"color: #000000; font-family: Calibri;\">C\u2019est avec un immense plaisir que nous vous accueillons sur notre nouveau site internet, un site qui, nous l\u2019esp\u00e9rons, saura r\u00e9pondre \u00e0 vos attentes.<\/span><\/p>\n<p><span style=\"color: #000000; font-family: Calibri;\">Reflet de notre dynamisme, ce nouveau site est le fruit de plusieurs mois de collaboration active entre la nouvelle \u00e9quipe de direction, les services logistique et communication et le talent et l\u2018implication d\u2019un stagiaire Monsieur Desantoine. <\/span><\/p>\n<p><span style=\"color: #000000; font-family: Calibri;\">C\u2019est donc avec une certaine fiert\u00e9 que nous vous proposons aujourd\u2019hui un site moderne et ergonomique, con\u00e7u pour faciliter vos recherches et vous offrir une source d\u2019informations riches et vari\u00e9es sur l\u2019actualit\u00e9 de la Police Boraine.<\/span><\/p>\n<p><span style=\"color: #000000; font-family: Calibri;\">Parmi les nombreuses nouveaut\u00e9s que nous vous invitons \u00e0 d\u00e9couvrir d\u00e8s \u00e0 pr\u00e9sent, citons, p\u00eale-m\u00eale : les actualit\u00e9s de la Zone de Police, les coordonn\u00e9es des diff\u00e9rents services, nos communiqu\u00e9s et dossiers de presse, les campagnes de pr\u00e9vention, une base de donn\u00e9es reprenant les FAQ (questions fr\u00e9quemment pos\u00e9es) et un module tr\u00e8s attendu : \"recherche de votre agent de quartier et de ses coordonn\u00e9es\". <\/span><span style=\"color: #000000; font-family: Calibri;\">Nous continuerons bien entendu \u00e0 am\u00e9liorer cet outil au fil du temps.<br \/>\n<\/span><\/p>\n<p><span style=\"color: #000000; font-family: Calibri;\">Nous vous souhaitons une visite \u00e0 la fois instructive et agr\u00e9able.<\/span><\/p>\n<p><b><i><span style=\"color: #000000; font-family: Calibri;\">Jean-Marc DELROT<\/span><\/i><\/b><\/p>\n<p><b><i><span style=\"color: #000000; font-family: Calibri;\">Commissaire Divisionnaire<\/span><\/i><\/b><\/p>\n<p><b><i><span style=\"color: #000000; font-family: Calibri;\">Chef de Corps de la Police Boraine<\/span><\/i><\/b><\/p>\n","protected":false},"excerpt":{"rendered":"<p>Bienvenue sur notre nouveau site internet ! Chers internautes, C\u2019est avec un immense plaisir que nous vous accueillons sur notre nouveau site internet, un site qui, nous l\u2019esp\u00e9rons, saura r\u00e9pondre \u00e0 vos attentes. Reflet de notre dynamisme, ce nouveau site&#8230; <a class = \"more-link\" href=\"https:\/\/www.policeboraine.be\/Police-Boraine\/mot-du-chef-de-corps\/\">Lire la suite<\/a><\/p>\n","protected":false},"author":12,"featured_media":0,"parent":0,"menu_order":0,"comment_status":"closed","ping_status":"closed","template":"","meta":{"_uag_custom_page_level_css":"","_monsterinsights_skip_tracking":false,"_monsterinsights_sitenote_active":false,"_monsterinsights_sitenote_note":"","_monsterinsights_sitenote_category":0,"footnotes":""},"class_list":["post-14","page","type-page","status-publish","hentry"],"uagb_featured_image_src":{"full":false,"thumbnail":false,"medium":false,"medium_large":false,"large":false,"1536x1536":false,"2048x2048":false},"uagb_author_info":{"display_name":"Service communication","author_link":"https:\/\/www.policeboraine.be\/Police-Boraine\/author\/communication\/"},"uagb_comment_info":0,"uagb_excerpt":"Bienvenue sur notre nouveau site internet ! Chers internautes, C\u2019est avec un immense plaisir que nous vous accueillons sur notre nouveau site internet, un site qui, nous l\u2019esp\u00e9rons, saura r\u00e9pondre \u00e0 vos attentes. Reflet de notre dynamisme, ce nouveau site... Lire la suite","_links":{"self":[{"href":"https:\/\/www.policeboraine.be\/Police-Boraine\/wp-json\/wp\/v2\/pages\/14","targetHints":{"allow":["GET"]}}],"collection":[{"href":"https:\/\/www.policeboraine.be\/Police-Boraine\/wp-json\/wp\/v2\/pages"}],"about":[{"href":"https:\/\/www.policeboraine.be\/Police-Boraine\/wp-json\/wp\/v2\/types\/page"}],"author":[{"embeddable":true,"href":"https:\/\/www.policeboraine.be\/Police-Boraine\/wp-json\/wp\/v2\/users\/12"}],"replies":[{"embeddable":true,"href":"https:\/\/www.policeboraine.be\/Police-Boraine\/wp-json\/wp\/v2\/comments?post=14"}],"version-history":[{"count":36,"href":"https:\/\/www.policeboraine.be\/Police-Boraine\/wp-json\/wp\/v2\/pages\/14\/revisions"}],"predecessor-version":[{"id":3969,"href":"https:\/\/www.policeboraine.be\/Police-Boraine\/wp-json\/wp\/v2\/pages\/14\/revisions\/3969"}],"wp:attachment":[{"href":"https:\/\/www.policeboraine.be\/Police-Boraine\/wp-json\/wp\/v2\/media?parent=14"}],"curies":[{"name":"wp","href":"https:\/\/api.w.org\/{rel}","templated":true}]}}