{"id":206,"date":"2018-02-08T10:39:13","date_gmt":"2018-02-08T09:39:13","guid":{"rendered":"http:\/\/www.policeboraine.be\/Police-Boraine\/?page_id=206"},"modified":"2022-06-20T09:19:40","modified_gmt":"2022-06-20T07:19:40","slug":"proximite-saint-ghislain","status":"publish","type":"page","link":"https:\/\/www.policeboraine.be\/Police-Boraine\/nos-services\/proximite-saint-ghislain\/","title":{"rendered":"Commissariat de Quartier &#8211; Saint-Ghislain"},"content":{"rendered":"<p><span style=\"text-decoration: underline;\"><strong><span class=\"eventdpoint\">Missions<br \/>\n<\/span><\/strong><\/span><span class=\"text\">Accueil du citoyen<br \/>\nEnregistrement des plaintes<br \/>\nGestion des armes<br \/>\nGestion des probl\u00e8mes de voisinage<br \/>\nImmeubles insalubres<br \/>\nTraitement des apostilles<\/span><\/p>\n<p class=\"text\"><span style=\"text-decoration: underline;\"><strong><span class=\"eventdpoint\">La proximit\u00e9<br \/>\n<\/span><\/strong><\/span>Une politique de quartier performante orient\u00e9e vers la communaut\u00e9. Figure famili\u00e8re, l'agent de quartier assure la s\u00e9curit\u00e9 quotidienne. Il est le relais entre les citoyens et les services sp\u00e9cialis\u00e9s.<\/p>\n<p><span style=\"text-decoration: underline;\"><strong><span class=\"eventdpoint\">Les agents de quartier<br \/>\n<\/span><\/strong><\/span>Les agents de proximit\u00e9 sont r\u00e9partis en 5 quartiers diff\u00e9rents sur l'ensemble de la commune de Saint-Ghislain<\/p>\n","protected":false},"excerpt":{"rendered":"<p>Missions Accueil du citoyen Enregistrement des plaintes Gestion des armes Gestion des probl\u00e8mes de voisinage Immeubles insalubres Traitement des apostilles La proximit\u00e9 Une politique de quartier performante orient\u00e9e vers la communaut\u00e9. Figure famili\u00e8re, l&rsquo;agent de quartier assure la s\u00e9curit\u00e9 quotidienne&#8230;. <a class = \"more-link\" href=\"https:\/\/www.policeboraine.be\/Police-Boraine\/nos-services\/proximite-saint-ghislain\/\">Lire la suite<\/a><\/p>\n","protected":false},"author":1,"featured_media":0,"parent":144,"menu_order":0,"comment_status":"closed","ping_status":"closed","template":"","meta":{"_uag_custom_page_level_css":"","_monsterinsights_skip_tracking":false,"_monsterinsights_sitenote_active":false,"_monsterinsights_sitenote_note":"","_monsterinsights_sitenote_category":0,"footnotes":""},"class_list":["post-206","page","type-page","status-publish","hentry"],"uagb_featured_image_src":{"full":false,"thumbnail":false,"medium":false,"medium_large":false,"large":false,"1536x1536":false,"2048x2048":false},"uagb_author_info":{"display_name":"Admin","author_link":"https:\/\/www.policeboraine.be\/Police-Boraine\/author\/admin\/"},"uagb_comment_info":0,"uagb_excerpt":"Missions Accueil du citoyen Enregistrement des plaintes Gestion des armes Gestion des probl\u00e8mes de voisinage Immeubles insalubres Traitement des apostilles La proximit\u00e9 Une politique de quartier performante orient\u00e9e vers la communaut\u00e9. Figure famili\u00e8re, l'agent de quartier assure la s\u00e9curit\u00e9 quotidienne.... Lire la suite","_links":{"self":[{"href":"https:\/\/www.policeboraine.be\/Police-Boraine\/wp-json\/wp\/v2\/pages\/206","targetHints":{"allow":["GET"]}}],"collection":[{"href":"https:\/\/www.policeboraine.be\/Police-Boraine\/wp-json\/wp\/v2\/pages"}],"about":[{"href":"https:\/\/www.policeboraine.be\/Police-Boraine\/wp-json\/wp\/v2\/types\/page"}],"author":[{"embeddable":true,"href":"https:\/\/www.policeboraine.be\/Police-Boraine\/wp-json\/wp\/v2\/users\/1"}],"replies":[{"embeddable":true,"href":"https:\/\/www.policeboraine.be\/Police-Boraine\/wp-json\/wp\/v2\/comments?post=206"}],"version-history":[{"count":3,"href":"https:\/\/www.policeboraine.be\/Police-Boraine\/wp-json\/wp\/v2\/pages\/206\/revisions"}],"predecessor-version":[{"id":2907,"href":"https:\/\/www.policeboraine.be\/Police-Boraine\/wp-json\/wp\/v2\/pages\/206\/revisions\/2907"}],"up":[{"embeddable":true,"href":"https:\/\/www.policeboraine.be\/Police-Boraine\/wp-json\/wp\/v2\/pages\/144"}],"wp:attachment":[{"href":"https:\/\/www.policeboraine.be\/Police-Boraine\/wp-json\/wp\/v2\/media?parent=206"}],"curies":[{"name":"wp","href":"https:\/\/api.w.org\/{rel}","templated":true}]}}