{"id":346,"date":"2018-02-13T10:42:53","date_gmt":"2018-02-13T09:42:53","guid":{"rendered":"http:\/\/www.policeboraine.be\/Police-Boraine\/?page_id=346"},"modified":"2021-08-05T14:59:51","modified_gmt":"2021-08-05T12:59:51","slug":"liens","status":"publish","type":"page","link":"https:\/\/www.policeboraine.be\/Police-Boraine\/liens\/","title":{"rendered":"Liens"},"content":{"rendered":"<div class=\"allweblinksrow\">\n<div class=\"allweblinkscol cols c1\">\n<h4 class=\"cat_title c1\">Administrations communales<\/h4>\n<ul class=\"allweblinkslist\">\n<li class=\"cols2 c1\"><a class=\"link\" title=\"Commune de Boussu\" href=\"http:\/\/www.boussu.be\/\" target=\"_blank\" rel=\"nofollow noopener noreferrer\">Commune de Boussu<\/a><\/li>\n<li class=\"cols2 c2\"><a class=\"link\" title=\"Commune de Colfontaine\" href=\"http:\/\/www.colfontaine.be\/\" target=\"_blank\" rel=\"nofollow noopener noreferrer\">Commune de Colfontaine<\/a><\/li>\n<li class=\"cols2 c1\"><a class=\"link\" title=\"Commune de Frameries\" href=\"http:\/\/www.frameries.be\/\" target=\"_blank\" rel=\"nofollow noopener noreferrer\">Commune de Frameries<\/a><\/li>\n<li class=\"cols2 c2\"><a class=\"link\" title=\"Commune de Quaregnon\" href=\"http:\/\/www.quaregnon.be\/\" target=\"_blank\" rel=\"nofollow noopener noreferrer\">Commune de Quaregnon<\/a><\/li>\n<li class=\"cols2 c1\"><a class=\"link\" title=\"Commune de Saint-Ghislain\" href=\"http:\/\/www.saint-ghislain.be\/\" target=\"_blank\" rel=\"nofollow noopener noreferrer\">Commune de Saint-Ghislain<\/a><\/li>\n<\/ul>\n<\/div>\n<\/div>\n<div class=\"allweblinksrow\">\n<div class=\"allweblinkscol cols c1\">\n<h4 class=\"cat_title c1\">Administrations f\u00e9d\u00e9rales<\/h4>\n<\/div>\n<\/div>\n<div class=\"allweblinksrow\">\n<div class=\"allweblinkscol cols c1\">\n<p class=\"cat_title c1\"><strong>Non cat\u00e9goris\u00e9<\/strong><\/p>\n<ul class=\"allweblinkslist\">\n<li class=\"cols2 c1\"><a class=\"link\" title=\"informations et services officiels\" href=\"http:\/\/www.belgium.be\/\" target=\"_blank\" rel=\"nofollow noopener noreferrer\">Belgium.be<\/a><\/li>\n<li class=\"cols2 c2\"><a class=\"link\" title=\"Child Focus\u00a0met tout en \u0153uvre pour traiter et pr\u00e9venir les disparitions et l\u2019exploitation sexuelle d\u2019enfants. Nous offrons un soutien aux familles et soutenons l\u2019enqu\u00eate de la police et de la justice. Nous travaillons aussi \u00e0 un Internet s\u00fbr pour les jeunes et luttons, par le biais de nombreuses campagnes, contre la pornographie enfantine et toute autre forme d\u2019exploitation sexuelle de mineurs.\" href=\"http:\/\/www.childfocus.be\/fr\/splash-fr\" target=\"_blank\" rel=\"nofollow noopener noreferrer\">Child Focus<\/a><\/li>\n<li><a href=\"https:\/\/www.ores.be\/particuliers-et-professionnels\/pannes-et-interruptions\">ORES: signaler une panne<\/a><\/li>\n<li class=\"cols2 c1\"><a class=\"link\" title=\"Vias\" href=\"http:\/\/www.vias.be\/\" target=\"_blank\" rel=\"nofollow noopener noreferrer\">Vias<\/a><\/li>\n<li class=\"cols2 c2\"><a class=\"link\" title=\" Portail de la Wallonie\" href=\"http:\/\/www.wallonie.be\/\" target=\"_blank\" rel=\"nofollow noopener noreferrer\">wallonie.be<\/a><\/li>\n<\/ul>\n<\/div>\n<\/div>\n<div class=\"allweblinksrow\">\n<div class=\"allweblinkscol cols c1\">\n<p class=\"cat_title c1\"><strong>Police<\/strong><\/p>\n<ul class=\"allweblinkslist\">\n<li class=\"cols2 c1\"><a class=\"link\" title=\"Acad\u00e9mie de police Emilien Vaes (Jurbise)\" href=\"https:\/\/ipfh.hainaut.be\/apph\/accueil\" target=\"_blank\" rel=\"nofollow noopener noreferrer\">Acad\u00e9mie de police Emilien Vaes (Jurbise)<\/a><\/li>\n<li class=\"cols2 c2\"><a class=\"link\" title=\"Le site du Comit\u00e9 permanent de\u00a0contr\u00f4le des services de police, en abr\u00e9g\u00e9 le Comit\u00e9 P\" href=\"https:\/\/comitep.be\/?lang=fr\" target=\"_blank\" rel=\"nofollow noopener noreferrer\">Comit\u00e9 P<\/a><\/li>\n<li class=\"cols2 c1\"><a class=\"link\" title=\"Commission permanente de la police locale\" href=\"http:\/\/www.lokalepolitie.be\/portal\/fr\/home.html\" target=\"_blank\" rel=\"nofollow noopener noreferrer\">Commission permanente de la police locale<\/a><\/li>\n<li class=\"cols2 c2\"><a class=\"link\" title=\"R\u00e9seau international francophone de formation polici\u00e8re\" href=\"http:\/\/www.francopol.org\/\" target=\"_blank\" rel=\"nofollow noopener noreferrer\">Francopol<\/a><\/li>\n<li class=\"cols2 c1\"><a class=\"link\" title=\"inforoutes.be\" href=\"http:\/\/www.inforoutes.be\/\" target=\"_blank\" rel=\"nofollow noopener noreferrer\">inforoutes.be<\/a><\/li>\n<li class=\"cols2 c2\"><a class=\"link\" title=\"La Police est constamment \u00e0 la recherche de nouveaux coll\u00e8gues aux bagages les plus divers, car elle joue diff\u00e9rents r\u00f4les, tous essentiels, dans notre soci\u00e9t\u00e9. Nous avons non seulement besoin de policiers de tout grade (d'agent \u00e0 commissaire) mais \u00e9galement de membres du personnel civil tels que comptables, informaticiens, m\u00e9decins, secr\u00e9taires, techniciens et de bien d'autres sp\u00e9cialit\u00e9s.\" href=\"http:\/\/www.jobpol.be\/fr\/home\/index1\/id\/fr\/\" target=\"_blank\" rel=\"nofollow noopener noreferrer\">JobPol<\/a><\/li>\n<li class=\"cols2 c1\"><a class=\"link\" title=\"Police F\u00e9d\u00e9rale\" href=\"http:\/\/www.polfed-fedpol.be\/home_fr.php\" target=\"_blank\" rel=\"nofollow noopener noreferrer\">Police F\u00e9d\u00e9rale<\/a><\/li>\n<li class=\"cols2 c2\"><a class=\"link\" title=\"Police-on-web vous permet de d\u00e9poser plainte en ligne pour les d\u00e9lits repris dans la liste ci-dessous, de d\u00e9poser un avis d'absence, et \u00e9galement de d\u00e9clarer votre syst\u00e8me d'alarme. Attention ! Si une intervention urgente est requise, appelez le 101.\" href=\"https:\/\/policeonweb.belgium.be\/eloket\/selectComplaintTypeAndAuthentication.action?lang=fr\" target=\"_blank\" rel=\"nofollow noopener noreferrer\">Police-on-web<\/a><\/li>\n<\/ul>\n<\/div>\n<\/div>\n<div class=\"allweblinksrow\">\n<div class=\"allweblinkscol cols c1\">\n<p class=\"cat_title c1\"><strong>S\u00e9curit\u00e9<\/strong><\/p>\n<ul class=\"allweblinkslist\">\n<li class=\"cols2 c1\"><a class=\"link\" title=\"La Charte europ\u00e9enne de la s\u00e9curit\u00e9 routi\u00e8re est une plateforme participative europ\u00e9enne rassemblant des entreprises, des associations, des \u00e9tablissements de recherche et des autorit\u00e9s publiques. Ces acteurs s'engagent \u00e0 mener des actions concr\u00e8tes et \u00e0 partager leurs bonnes pratiques dans le but de r\u00e9soudre les probl\u00e8mes de s\u00e9curit\u00e9 routi\u00e8re rencontr\u00e9s dans leur environnement quotidien. L'objectif de cette Charte est d'aider \u00e0 r\u00e9duire le nombre de victimes de la route. Elle compte actuellement plus de 2.000\u00a0signataires. Rejoignez cette communaut\u00e9 en action\u00a0!\" href=\"http:\/\/www.erscharter.eu\/fr\/node\" target=\"_blank\" rel=\"nofollow noopener noreferrer\">European Road Safety Charter<\/a><\/li>\n<li class=\"cols2 c2\"><a class=\"link\" title=\"Responsible Young Drivers sensibilise les jeunes \u00e0 une conduite responsable via un dialogue de jeunes \u00e0 jeunes, sans discours moralisateur ni r\u00e9pressif. Nous sommes des jeunes qui parlons aux jeunes. Nous organisons ensemble toutes nos actions de sensibilisation!\u00a0\" href=\"http:\/\/www.ryd.be\/fr\/\" target=\"_blank\" rel=\"nofollow noopener noreferrer\">Responsible Young Drivers<\/a><\/li>\n<li class=\"cols2 c1\"><a class=\"link\" title=\"S\u00e9curit\u00e9 et pr\u00e9vention\" href=\"http:\/\/besafe.be\/fr\/public-cible\" target=\"_blank\" rel=\"nofollow noopener noreferrer\">Techno pr\u00e9vention<\/a><\/li>\n<\/ul>\n<\/div>\n<\/div>\n","protected":false},"excerpt":{"rendered":"<p>Administrations communales Commune de Boussu Commune de Colfontaine Commune de Frameries Commune de Quaregnon Commune de Saint-Ghislain Administrations f\u00e9d\u00e9rales Non cat\u00e9goris\u00e9 Belgium.be Child Focus ORES: signaler une panne Vias wallonie.be Police Acad\u00e9mie de police Emilien Vaes (Jurbise) Comit\u00e9 P Commission&#8230; <a class = \"more-link\" href=\"https:\/\/www.policeboraine.be\/Police-Boraine\/liens\/\">Lire la suite<\/a><\/p>\n","protected":false},"author":1,"featured_media":0,"parent":0,"menu_order":0,"comment_status":"closed","ping_status":"closed","template":"","meta":{"_uag_custom_page_level_css":"","_monsterinsights_skip_tracking":false,"_monsterinsights_sitenote_active":false,"_monsterinsights_sitenote_note":"","_monsterinsights_sitenote_category":0,"footnotes":""},"class_list":["post-346","page","type-page","status-publish","hentry"],"uagb_featured_image_src":{"full":false,"thumbnail":false,"medium":false,"medium_large":false,"large":false,"1536x1536":false,"2048x2048":false},"uagb_author_info":{"display_name":"Admin","author_link":"https:\/\/www.policeboraine.be\/Police-Boraine\/author\/admin\/"},"uagb_comment_info":0,"uagb_excerpt":"Administrations communales Commune de Boussu Commune de Colfontaine Commune de Frameries Commune de Quaregnon Commune de Saint-Ghislain Administrations f\u00e9d\u00e9rales Non cat\u00e9goris\u00e9 Belgium.be Child Focus ORES: signaler une panne Vias wallonie.be Police Acad\u00e9mie de police Emilien Vaes (Jurbise) Comit\u00e9 P Commission... Lire la suite","_links":{"self":[{"href":"https:\/\/www.policeboraine.be\/Police-Boraine\/wp-json\/wp\/v2\/pages\/346","targetHints":{"allow":["GET"]}}],"collection":[{"href":"https:\/\/www.policeboraine.be\/Police-Boraine\/wp-json\/wp\/v2\/pages"}],"about":[{"href":"https:\/\/www.policeboraine.be\/Police-Boraine\/wp-json\/wp\/v2\/types\/page"}],"author":[{"embeddable":true,"href":"https:\/\/www.policeboraine.be\/Police-Boraine\/wp-json\/wp\/v2\/users\/1"}],"replies":[{"embeddable":true,"href":"https:\/\/www.policeboraine.be\/Police-Boraine\/wp-json\/wp\/v2\/comments?post=346"}],"version-history":[{"count":6,"href":"https:\/\/www.policeboraine.be\/Police-Boraine\/wp-json\/wp\/v2\/pages\/346\/revisions"}],"predecessor-version":[{"id":2412,"href":"https:\/\/www.policeboraine.be\/Police-Boraine\/wp-json\/wp\/v2\/pages\/346\/revisions\/2412"}],"wp:attachment":[{"href":"https:\/\/www.policeboraine.be\/Police-Boraine\/wp-json\/wp\/v2\/media?parent=346"}],"curies":[{"name":"wp","href":"https:\/\/api.w.org\/{rel}","templated":true}]}}