{"id":564,"date":"2018-03-14T09:03:55","date_gmt":"2018-03-14T08:03:55","guid":{"rendered":"http:\/\/www.policeboraine.be\/Police-Boraine\/?page_id=564"},"modified":"2020-11-09T09:46:54","modified_gmt":"2020-11-09T08:46:54","slug":"plan-zonal","status":"publish","type":"page","link":"https:\/\/www.policeboraine.be\/Police-Boraine\/plan-zonal\/","title":{"rendered":"Plan Zonal 2020-2025"},"content":{"rendered":"<p>Le Plan Zonal de S\u00e9curit\u00e9 est un instrument central, concret et indispensable au bon d\u00e9veloppement ainsi qu\u2019au bon fonctionnement de notre Zone Police. Celui-ci s\u2019inscrit dans une politique de s\u00e9curit\u00e9 int\u00e9gr\u00e9e et int\u00e9grale devant r\u00e9pondre aux attentes des citoyens et de tous nos partenaires. Ces derniers devront d\u00e8s lors trouver dans ce Plan Zonal de S\u00e9curit\u00e9 un descriptif complet et contextualis\u00e9 des objectifs \u00e0 atteindre et des actions qui seront men\u00e9es tant en mati\u00e8re s\u00e9curitaire qu\u2019en mati\u00e8re d\u2019organisation et de fonctionnement de notre Zone de Police durant les quatre ann\u00e9es \u00e0 venir.<\/p>\n<p>Ce Plan Zonal de S\u00e9curit\u00e9 doit \u00eatre\u00a0:<\/p>\n<ul>\n<li>Un instrument central\u00a0:<\/li>\n<\/ul>\n<p>Ceci implique un d\u00e9veloppement organisationnel optimal, r\u00e9aliste et r\u00e9alisable qui tient compte de nos moyens et de notre capacit\u00e9 disponible. Notre organisation doit \u00eatre identifiable, visible et reconnue tant en interne par l\u2019ensemble des collaborateurs qu\u2019en externe par les citoyens, les autorit\u00e9s et l\u2019ensemble de nos partenaires.<\/p>\n<ul>\n<li>Un instrument concret\u00a0:<\/li>\n<\/ul>\n<p>Ceci implique que nos objectifs et nos actions soient clairs, pr\u00e9cis, compris et appropri\u00e9s. L\u2019ensemble des collaborateurs doivent pouvoir se reconna\u00eetre et s\u2019identifier \u00e0 notre vision, nos missions et nos valeurs. Cette appropriation est n\u00e9cessaire \u00e0 leur implication totale et enti\u00e8re dans la poursuite des objectifs d\u00e9finis et des actions men\u00e9es concr\u00e8tement sur le terrain \u00e0 cet \u00e9gard. Ce Plan Zonal de S\u00e9curit\u00e9 doit \u00e9galement \u00eatre suffisamment clair et pr\u00e9cis \u00e0 l\u2019\u00e9gard des citoyens, des autorit\u00e9s et de l\u2019ensemble de nos partenaires.<\/p>\n<ul>\n<li>Un instrument indispensable\u00a0:<\/li>\n<\/ul>\n<p>Ceci n\u00e9cessite l\u2019adh\u00e9sion et l\u2019implication de tous les collaborateurs et de tous nos partenaires tant dans sa r\u00e9alisation et que dans sa mise en application concr\u00e8te sur le terrain. Le Plan Zonal de S\u00e9curit\u00e9 est un instrument indispensable car il d\u00e9finit clairement la ligne de conduite qui sera celle de la Zone de Police tant en mati\u00e8re d\u2019organisation et de fonctionnement qu\u2019en mati\u00e8re s\u00e9curitaire pour les quatre ann\u00e9es \u00e0 venir.<\/p>\n<p>Soucieuse de s\u2019inscrire dans le souhait du d\u00e9veloppement d\u2019une soci\u00e9t\u00e9 s\u00fbre et ouverte o\u00f9 tout un chacun peut s\u2019\u00e9panouir dans le respect mutuel des droits et devoirs de chacun, la police boraine ambitionne d\u2019assurer la s\u00e9curit\u00e9 et la qualit\u00e9 de vie au sein de ses cinq entit\u00e9s.<\/p>\n<p>Pour ce faire, la police s\u2019engagera \u00e0 tendre vers \u00ab\u00a0l\u2019Excellence dans sa fonction\u00a0\u00bb. Elle contribuera \u00e0 l\u2019approche de la s\u00e9curit\u00e9 soci\u00e9tale par son orientation vers la communaut\u00e9 (comme finalit\u00e9 et cadre culturel), par sa fonction guid\u00e9e par l\u2019information (ensemble des processus policiers) et recherchant une performance optimale. R\u00e9aliser une fonction de police excellente signifie l\u2019ex\u00e9cution optimale de la mission, de la vision et des valeurs pour satisfaire au maximum les besoins et attentes justifi\u00e9es de notre population.<\/p>\n<p>Le plan zonal de s\u00e9curit\u00e9 et les objectifs strat\u00e9giques fix\u00e9s tiennent compte des attentes et des exigences l\u00e9gitimes des parties prenantes (population, autorit\u00e9s judiciaires et administratives, collaborateurs, partenaires, \u2026) et visent un service de qualit\u00e9. Cela implique l\u2019application du principe d\u2019am\u00e9lioration constante, concept primordial au sein de notre Zone de Police, et d\u2019innovation de l\u2019organisation sous tous ses aspects.<\/p>\n<p>Acteur de premier plan en mati\u00e8re s\u00e9curit\u00e9, notamment dans l\u2019\u00e9coute des soucis quotidiens de\u00a0 la population \u2013 \u00ab\u00a0police de proximit\u00e9\u00a0\u00bb -, la police n\u2019est pas en mesure de veiller seule \u00e0 une soci\u00e9t\u00e9 s\u00fbre.\u00a0 L\u2019approche de l\u2019ins\u00e9curit\u00e9 est l\u2019affaire de tous. Elle a cependant un r\u00f4le essentiel et sa contribution doit \u00eatre l\u00e9gitime, efficace, efficiente et de qualit\u00e9.<\/p>\n<p>Ce plan tient compte du Plan National de S\u00e9curit\u00e9 et s\u2019int\u00e8gre \u00e0 la politique criminelle du parquet de l\u2019arrondissement judiciaire de Mons ainsi qu\u2019aux diagnostics locaux de s\u00e9curit\u00e9 et plans strat\u00e9giques qui les accompagnent pour les entit\u00e9s composant notre Zone.<\/p>\n<p>Les moyens disponibles \u00e9tant insuffisants pour traiter tous les probl\u00e8mes de s\u00e9curit\u00e9 avec le m\u00eame engagement et les attentes \u00e9tant parfois divergentes en raison de la diversit\u00e9 des parties prenantes, des choix socialement justifi\u00e9s ont d\u00fb \u00eatre op\u00e9r\u00e9s.<\/p>\n<p>Ceci s\u2019est effectu\u00e9 sur base d\u2019une analyse approfondie de la situation actuelle et d\u2019une \u00e9valuation des priorit\u00e9s du PZS 2009-2012 concernant tant le domaine de \u00ab\u00a0la s\u00e9curit\u00e9\u00a0\u00bb que celui de \u00ab\u00a0l\u2019organisation et du fonctionnement\u00a0\u00bb. Une pr\u00e9sentation des priorit\u00e9s des diff\u00e9rents partenaires et du travail d\u2019analyse r\u00e9alis\u00e9 a permis aux membres et invit\u00e9s du Conseil Zonal de S\u00e9curit\u00e9 de mieux ouvrir le d\u00e9bat et la r\u00e9flexion. De la sorte, les nouvelles priorit\u00e9s du futur plan ont pu \u00eatre d\u00e9termin\u00e9es en tenant compte des attentes et des objectifs de chacun dans le but de toujours mieux \u00e9couter, servir et prot\u00e9ger chaque citoyen.<\/p>\n<p>Ce plan pr\u00e9sente les objectifs strat\u00e9giques pour la p\u00e9riode 2014-2017.<\/p>\n<p>Pour la r\u00e9daction du pr\u00e9sent PZS 2014-2017, nous nous sommes inspir\u00e9s du manuel de r\u00e9daction du plan zonal de s\u00e9curit\u00e9 qui est articul\u00e9 sur le mod\u00e8le de management EFQM de la police belge.<\/p>\n<p><a href=\"https:\/\/www.policeboraine.be\/Police-Boraine\/wp-content\/uploads\/2020\/11\/PZS_2020_2025_ZP_5327.pdf\">T\u00e9l\u00e9chargez notre PZS 2020-2025<\/a><\/p>\n","protected":false},"excerpt":{"rendered":"<p>Le Plan Zonal de S\u00e9curit\u00e9 est un instrument central, concret et indispensable au bon d\u00e9veloppement ainsi qu\u2019au bon fonctionnement de notre Zone Police. Celui-ci s\u2019inscrit dans une politique de s\u00e9curit\u00e9 int\u00e9gr\u00e9e et int\u00e9grale devant r\u00e9pondre aux attentes des citoyens et&#8230; <a class = \"more-link\" href=\"https:\/\/www.policeboraine.be\/Police-Boraine\/plan-zonal\/\">Lire la suite<\/a><\/p>\n","protected":false},"author":1,"featured_media":0,"parent":0,"menu_order":0,"comment_status":"closed","ping_status":"closed","template":"","meta":{"_uag_custom_page_level_css":"","_monsterinsights_skip_tracking":false,"_monsterinsights_sitenote_active":false,"_monsterinsights_sitenote_note":"","_monsterinsights_sitenote_category":0,"footnotes":""},"class_list":["post-564","page","type-page","status-publish","hentry"],"uagb_featured_image_src":{"full":false,"thumbnail":false,"medium":false,"medium_large":false,"large":false,"1536x1536":false,"2048x2048":false},"uagb_author_info":{"display_name":"Admin","author_link":"https:\/\/www.policeboraine.be\/Police-Boraine\/author\/admin\/"},"uagb_comment_info":0,"uagb_excerpt":"Le Plan Zonal de S\u00e9curit\u00e9 est un instrument central, concret et indispensable au bon d\u00e9veloppement ainsi qu\u2019au bon fonctionnement de notre Zone Police. Celui-ci s\u2019inscrit dans une politique de s\u00e9curit\u00e9 int\u00e9gr\u00e9e et int\u00e9grale devant r\u00e9pondre aux attentes des citoyens et... Lire la suite","_links":{"self":[{"href":"https:\/\/www.policeboraine.be\/Police-Boraine\/wp-json\/wp\/v2\/pages\/564","targetHints":{"allow":["GET"]}}],"collection":[{"href":"https:\/\/www.policeboraine.be\/Police-Boraine\/wp-json\/wp\/v2\/pages"}],"about":[{"href":"https:\/\/www.policeboraine.be\/Police-Boraine\/wp-json\/wp\/v2\/types\/page"}],"author":[{"embeddable":true,"href":"https:\/\/www.policeboraine.be\/Police-Boraine\/wp-json\/wp\/v2\/users\/1"}],"replies":[{"embeddable":true,"href":"https:\/\/www.policeboraine.be\/Police-Boraine\/wp-json\/wp\/v2\/comments?post=564"}],"version-history":[{"count":4,"href":"https:\/\/www.policeboraine.be\/Police-Boraine\/wp-json\/wp\/v2\/pages\/564\/revisions"}],"predecessor-version":[{"id":2059,"href":"https:\/\/www.policeboraine.be\/Police-Boraine\/wp-json\/wp\/v2\/pages\/564\/revisions\/2059"}],"wp:attachment":[{"href":"https:\/\/www.policeboraine.be\/Police-Boraine\/wp-json\/wp\/v2\/media?parent=564"}],"curies":[{"name":"wp","href":"https:\/\/api.w.org\/{rel}","templated":true}]}}