{"id":649,"date":"2018-04-26T09:36:05","date_gmt":"2018-04-26T07:36:05","guid":{"rendered":"http:\/\/www.policeboraine.be\/Police-Boraine\/?page_id=649"},"modified":"2021-01-07T13:44:23","modified_gmt":"2021-01-07T12:44:23","slug":"emploi","status":"publish","type":"page","link":"https:\/\/www.policeboraine.be\/Police-Boraine\/emploi\/","title":{"rendered":"Emploi"},"content":{"rendered":"<p>Envie de bouger\u00a0?<\/p>\n<p>Envie d\u2019un nouveau d\u00e9fi\u00a0?<\/p>\n<p>Envie d\u2019int\u00e9grer une Zone de police dynamique et innovante\u00a0?<\/p>\n<p>Alors, rejoignez <strong>notre Zone de police boraine<\/strong>\u00a0!!!<\/p>\n<p>Que vous soyez int\u00e9ress\u00e9(e) par un emploi op\u00e9rationnel (policier) ou civil (administratif), n\u2019h\u00e9sitez plus et consultez le site de la police f\u00e9d\u00e9rale <a href=\"http:\/\/www.jobpol.be\/fr\" target=\"_blank\" rel=\"noopener noreferrer\">www.jobpol.be<\/a>. Ce site officiel vous donne acc\u00e8s \u00e0 toutes les informations utiles (proc\u00e9dures, crit\u00e8res de s\u00e9lection\u2026) pour postuler valablement au sein des services de police.<\/p>\n<p>N\u00e9anmoins, nos points de contact recrutement sont \u00e0 votre disposition pour tout renseignement compl\u00e9mentaire.<\/p>\n<p><strong><u>Qu\u2019est-ce qu\u2019un point de contact recrutement\u00a0?<\/u><\/strong><\/p>\n<p>C\u2019est un membre du personnel que vous pouvez contacter\/rencontrer afin qu\u2019il r\u00e9ponde aux questions pratiques que vous vous posez. Chacun a sa sp\u00e9cificit\u00e9\u00a0: selon sa fonction, son grade, le service dans lequel il est affect\u00e9\u2026.<\/p>\n<p><strong><u>Quels sont les points de contact recrutement\u00a0?<\/u><\/strong><\/p>\n<p>Les points de contact recrutement de la Zone de police boraine sont les suivants\u00a0:<\/p>\n<div class=\"art-postcontent clearfix\">\n<div class=\"art-article\">\n<p>Nos points de contact recrutement sont \u00e0 votre disposition pour tout renseignement :<a href=\"https:\/\/www.policeboraine.be\/Police-Boraine\/wp-content\/uploads\/2020\/12\/Points-de-contact-locaux.pdf\">T\u00e9l\u00e9chargez la liste des personnes \u00e0 contacter au sein de notre de Zone de Police.<\/a><\/p>\n<p><strong><u>Conseil\u00a0:<\/u><\/strong><\/p>\n<p>Avant de faire appel \u00e0 un des points de contact recrutement, il est conseill\u00e9 de consulter au pr\u00e9alable le site <a href=\"http:\/\/www.jobpol.be\/fr\" target=\"_blank\" rel=\"noopener noreferrer\">www.jobpol.be<\/a>. En effet, la plupart des informations y sont reprises en d\u00e9tail.<\/p>\n<p><strong><u>Stage<\/u><\/strong><\/p>\n<p>Notre zone de police accueille r\u00e9guli\u00e8rement des stagiaires administratifs (pour des <strong>stages \u00ab\u00a0actifs\u00a0\u00bb<\/strong> et non \u00ab\u00a0d\u2019observation\u00a0\u00bb).<\/p>\n<p>Le nombre de demandes de stage ne cessant d\u2019augmenter, notre zone de police a d\u00fb limiter les demandes et certaines conditions sont dor\u00e9navant exig\u00e9es, notamment :<\/p>\n<ul>\n<li><strong><u>Niveau d\u2019\u00e9tude:<\/u><\/strong> graduat\/baccalaur\u00e9at ou master (principalement options\u00a0suivantes: informatique, communication, criminologie, ing\u00e9niorat ou droit)<\/li>\n<li><strong><u>Dur\u00e9e:<\/u><\/strong> minimum 1 mois (de pr\u00e9f\u00e9rence journ\u00e9es cons\u00e9cutives)<\/li>\n<li><strong><u>Assurance:<\/u><\/strong> prise en charge par l\u2019\u00e9tablissement scolaire<\/li>\n<\/ul>\n<p>Si vous souhaitez poser votre candidature en tant que stagiaire, nous vous invitons \u00e0 transmettre votre candidature (lettre de motivation + curriculum vitae) \u00e0\u00a0Mesdames Coralie MALENGREAU (<a href=\"mailto:ZP.Boraine.HRM@police.belgium.eu\">ZP.Boraine.HRM@police.belgium.eu<\/a>) ou Marie VANNUFFELLE (<a href=\"mailto:sandrine.sacristani@police.belgium.eu\">marie.vannuffelle@police.belgium.eu<\/a>). Vous pouvez \u00e9galement les contacter au 065\/619.871. Pour des raisons administratives et d\u2019organisation, votre candidature doit \u00eatre envoy\u00e9 <strong>au minimum 2 mois avant le d\u00e9but du stage<\/strong>.<\/p>\n<\/div>\n<\/div>\n","protected":false},"excerpt":{"rendered":"<p>Envie de bouger\u00a0? Envie d\u2019un nouveau d\u00e9fi\u00a0? Envie d\u2019int\u00e9grer une Zone de police dynamique et innovante\u00a0? Alors, rejoignez notre Zone de police boraine\u00a0!!! Que vous soyez int\u00e9ress\u00e9(e) par un emploi op\u00e9rationnel (policier) ou civil (administratif), n\u2019h\u00e9sitez plus et consultez le&#8230; <a class = \"more-link\" href=\"https:\/\/www.policeboraine.be\/Police-Boraine\/emploi\/\">Lire la suite<\/a><\/p>\n","protected":false},"author":1,"featured_media":836,"parent":0,"menu_order":0,"comment_status":"closed","ping_status":"closed","template":"","meta":{"_uag_custom_page_level_css":"","_monsterinsights_skip_tracking":false,"_monsterinsights_sitenote_active":false,"_monsterinsights_sitenote_note":"","_monsterinsights_sitenote_category":0,"footnotes":""},"class_list":["post-649","page","type-page","status-publish","has-post-thumbnail","hentry"],"uagb_featured_image_src":{"full":["https:\/\/www.policeboraine.be\/Police-Boraine\/wp-content\/uploads\/2018\/10\/recurtement.jpg",643,311,false],"thumbnail":["https:\/\/www.policeboraine.be\/Police-Boraine\/wp-content\/uploads\/2018\/10\/recurtement-150x150.jpg",150,150,true],"medium":["https:\/\/www.policeboraine.be\/Police-Boraine\/wp-content\/uploads\/2018\/10\/recurtement-300x145.jpg",300,145,true],"medium_large":["https:\/\/www.policeboraine.be\/Police-Boraine\/wp-content\/uploads\/2018\/10\/recurtement.jpg",643,311,false],"large":["https:\/\/www.policeboraine.be\/Police-Boraine\/wp-content\/uploads\/2018\/10\/recurtement.jpg",643,311,false],"1536x1536":["https:\/\/www.policeboraine.be\/Police-Boraine\/wp-content\/uploads\/2018\/10\/recurtement.jpg",643,311,false],"2048x2048":["https:\/\/www.policeboraine.be\/Police-Boraine\/wp-content\/uploads\/2018\/10\/recurtement.jpg",643,311,false]},"uagb_author_info":{"display_name":"Admin","author_link":"https:\/\/www.policeboraine.be\/Police-Boraine\/author\/admin\/"},"uagb_comment_info":0,"uagb_excerpt":"Envie de bouger\u00a0? Envie d\u2019un nouveau d\u00e9fi\u00a0? Envie d\u2019int\u00e9grer une Zone de police dynamique et innovante\u00a0? Alors, rejoignez notre Zone de police boraine\u00a0!!! Que vous soyez int\u00e9ress\u00e9(e) par un emploi op\u00e9rationnel (policier) ou civil (administratif), n\u2019h\u00e9sitez plus et consultez le... Lire la suite","_links":{"self":[{"href":"https:\/\/www.policeboraine.be\/Police-Boraine\/wp-json\/wp\/v2\/pages\/649","targetHints":{"allow":["GET"]}}],"collection":[{"href":"https:\/\/www.policeboraine.be\/Police-Boraine\/wp-json\/wp\/v2\/pages"}],"about":[{"href":"https:\/\/www.policeboraine.be\/Police-Boraine\/wp-json\/wp\/v2\/types\/page"}],"author":[{"embeddable":true,"href":"https:\/\/www.policeboraine.be\/Police-Boraine\/wp-json\/wp\/v2\/users\/1"}],"replies":[{"embeddable":true,"href":"https:\/\/www.policeboraine.be\/Police-Boraine\/wp-json\/wp\/v2\/comments?post=649"}],"version-history":[{"count":14,"href":"https:\/\/www.policeboraine.be\/Police-Boraine\/wp-json\/wp\/v2\/pages\/649\/revisions"}],"predecessor-version":[{"id":2124,"href":"https:\/\/www.policeboraine.be\/Police-Boraine\/wp-json\/wp\/v2\/pages\/649\/revisions\/2124"}],"wp:featuredmedia":[{"embeddable":true,"href":"https:\/\/www.policeboraine.be\/Police-Boraine\/wp-json\/wp\/v2\/media\/836"}],"wp:attachment":[{"href":"https:\/\/www.policeboraine.be\/Police-Boraine\/wp-json\/wp\/v2\/media?parent=649"}],"curies":[{"name":"wp","href":"https:\/\/api.w.org\/{rel}","templated":true}]}}