{"id":788,"date":"2018-05-15T14:39:31","date_gmt":"2018-05-15T12:39:31","guid":{"rendered":"https:\/\/www.policeboraine.be\/Police-Boraine\/?page_id=788"},"modified":"2023-07-25T15:19:02","modified_gmt":"2023-07-25T13:19:02","slug":"privacy","status":"publish","type":"page","link":"https:\/\/www.policeboraine.be\/Police-Boraine\/privacy\/","title":{"rendered":"Privacy"},"content":{"rendered":"<h2>Protection des donn\u00e9es \u00e0 caract\u00e8re personnel<\/h2>\n<p>La police respecte la vie priv\u00e9e des utilisateurs. Bien que la plupart des informations soient disponibles sur ce site ainsi que dans notre application mobile Bor'App sans devoir fournir des donn\u00e9es \u00e0 caract\u00e8re personnel, il est possible que des informations personnelles soient demand\u00e9es \u00e0 l'utilisateur.<\/p>\n<p>Dans ce cas, les donn\u00e9es tant de notre site web, que de notre application Bor'App sont trait\u00e9es conform\u00e9ment aux dispositions de la loi du 30 juillet 2018 relative \u00e0 la protection de la vie priv\u00e9e et au traitement des donn\u00e9es \u00e0 caract\u00e8re personnel.<\/p>\n<p>Concr\u00e8tement, cela signifie notamment que :<\/p>\n<ul>\n<li>les donn\u00e9es \u00e0 caract\u00e8re personnel ne peuvent \u00eatre recueillies et trait\u00e9es que dans le seul but de se mettre en contact avec vous, de vous identifier, de r\u00e9pondre \u00e0 la demande d'information que vous avez introduite ou de r\u00e9aliser le service de votre choix en ligne ;<\/li>\n<li>le traitement des donn\u00e9es \u00e0 caract\u00e8re personnel ne se limite qu\u2019\u00e0 l\u2019objectif vis\u00e9 ;<\/li>\n<li>les donn\u00e9es \u00e0 caract\u00e8re personnel ne sont pas conserv\u00e9es au-del\u00e0 du d\u00e9lai n\u00e9cessaire \u00e0 l\u2019objectif vis\u00e9 ;<\/li>\n<li>vos donn\u00e9es personnelles ne sont ni communiqu\u00e9es \u00e0 des tiers ni destin\u00e9es \u00e0 d\u2019autres usages de direct-marketing ;<\/li>\n<li>vous avez toujours acc\u00e8s \u00e0 vos donn\u00e9es personnelles et vous pouvez en v\u00e9rifier la justesse ;<\/li>\n<li>vous avez la possibilit\u00e9 de faire corriger les erreurs figurant dans vos donn\u00e9es personnelles. \u00c0 cet effet, il vous est loisible de contacter le gestionnaire du pr\u00e9sent site web ;<\/li>\n<li>en outre, vous pouvez \u00e0 tout moment demander que vos donn\u00e9es personnelles soient effac\u00e9es des fichiers de la zone de police.<\/li>\n<\/ul>\n<p>Nous nous effor\u00e7ons de mettre en \u0153uvre les meilleures mesures de s\u00e9curit\u00e9 possibles pour \u00e9viter que des tiers puissent faire mauvais usage de vos donn\u00e9es \u00e0 caract\u00e8re personnel.<\/p>\n<h4>Cookies<\/h4>\n<p>Le site web utilise des \u00ab cookies \u00bb. Ce sont de petits fichiers d\u2019information qui sont automatiquement sauvegard\u00e9s sur le disque dur de votre ordinateur. Ces informations sont renvoy\u00e9es \u00e0 chaque visite vers le gestionnaire du site web. Le code qui est trait\u00e9 dans votre cookie permet de reconna\u00eetre votre PC lors de votre prochaine visite et de d\u00e9terminer si vous avez activ\u00e9 ou d\u00e9sactiv\u00e9 l\u2019affichage textuel. Ceci facilite votre acc\u00e8s au site web et accro\u00eet la rapidit\u00e9 et l\u2019efficacit\u00e9 de la navigation. Vous avez la possibilit\u00e9 de configurer votre navigateur de fa\u00e7on \u00e0 emp\u00eacher la cr\u00e9ation de cookies ou \u00e0 \u00eatre averti \u00e0 chaque fois que des cookies sont cr\u00e9\u00e9s.<\/p>\n<h4>Analytics<\/h4>\n<p>Ce site utilise Google Analytics, un service d'analyse de site internet fourni par Google Inc. ( \"Google\"). Google Analytics utilise des \"cookies\" pour aider le site internet \u00e0 analyser comment les utilisateurs utilisent le site. Le cookie ainsi g\u00e9n\u00e9r\u00e9 sur votre utilisation du site (y compris votre adresse IP) est envoy\u00e9 et stock\u00e9 par Google sur des serveurs aux \u00c9tats-Unis. Google utilise ces informations pour suivre la fa\u00e7on dont vous utilisez le site, r\u00e9dige des rapports sur l'activit\u00e9 du site pour les gestionnaires de site Web et fournit d'autres services relatifs \u00e0 l'activit\u00e9 du site et l'utilisation d'Internet.<\/p>\n<p>Google peut \u00e9galement transf\u00e9rer ces informations \u00e0 des tiers si Google est l\u00e9galement requis, ou lorsque ces tiers traitent ces donn\u00e9es pour le compte de Google. Google ne recoupera pas votre adresse IP avec d'autres donn\u00e9es d\u00e9tenues par Google.<\/p>\n<p>Vous pouvez refuser l'utilisation de cookies dans votre navigateur en s\u00e9lectionnant les param\u00e8tres appropri\u00e9s. Cependant, nous vous rappelons que vous ne pouvez pas \u00eatre en mesure d'utiliser toutes les fonctionnalit\u00e9s de ce site dans ce cas. En utilisant ce site, vous acceptez le traitement des donn\u00e9es par Google de la mani\u00e8re et aux fins \u00e9nonc\u00e9es ci-dessus.<\/p>\n","protected":false},"excerpt":{"rendered":"<p>Protection des donn\u00e9es \u00e0 caract\u00e8re personnel La police respecte la vie priv\u00e9e des utilisateurs. Bien que la plupart des informations soient disponibles sur ce site ainsi que dans notre application mobile Bor&rsquo;App sans devoir fournir des donn\u00e9es \u00e0 caract\u00e8re personnel,&#8230; <a class = \"more-link\" href=\"https:\/\/www.policeboraine.be\/Police-Boraine\/privacy\/\">Lire la suite<\/a><\/p>\n","protected":false},"author":11,"featured_media":0,"parent":0,"menu_order":0,"comment_status":"closed","ping_status":"closed","template":"","meta":{"_uag_custom_page_level_css":"","_monsterinsights_skip_tracking":false,"_monsterinsights_sitenote_active":false,"_monsterinsights_sitenote_note":"","_monsterinsights_sitenote_category":0,"footnotes":""},"class_list":["post-788","page","type-page","status-publish","hentry"],"uagb_featured_image_src":{"full":false,"thumbnail":false,"medium":false,"medium_large":false,"large":false,"1536x1536":false,"2048x2048":false},"uagb_author_info":{"display_name":"Stephane Archetti","author_link":"https:\/\/www.policeboraine.be\/Police-Boraine\/author\/admins\/"},"uagb_comment_info":0,"uagb_excerpt":"Protection des donn\u00e9es \u00e0 caract\u00e8re personnel La police respecte la vie priv\u00e9e des utilisateurs. Bien que la plupart des informations soient disponibles sur ce site ainsi que dans notre application mobile Bor'App sans devoir fournir des donn\u00e9es \u00e0 caract\u00e8re personnel,... Lire la suite","_links":{"self":[{"href":"https:\/\/www.policeboraine.be\/Police-Boraine\/wp-json\/wp\/v2\/pages\/788","targetHints":{"allow":["GET"]}}],"collection":[{"href":"https:\/\/www.policeboraine.be\/Police-Boraine\/wp-json\/wp\/v2\/pages"}],"about":[{"href":"https:\/\/www.policeboraine.be\/Police-Boraine\/wp-json\/wp\/v2\/types\/page"}],"author":[{"embeddable":true,"href":"https:\/\/www.policeboraine.be\/Police-Boraine\/wp-json\/wp\/v2\/users\/11"}],"replies":[{"embeddable":true,"href":"https:\/\/www.policeboraine.be\/Police-Boraine\/wp-json\/wp\/v2\/comments?post=788"}],"version-history":[{"count":7,"href":"https:\/\/www.policeboraine.be\/Police-Boraine\/wp-json\/wp\/v2\/pages\/788\/revisions"}],"predecessor-version":[{"id":3422,"href":"https:\/\/www.policeboraine.be\/Police-Boraine\/wp-json\/wp\/v2\/pages\/788\/revisions\/3422"}],"wp:attachment":[{"href":"https:\/\/www.policeboraine.be\/Police-Boraine\/wp-json\/wp\/v2\/media?parent=788"}],"curies":[{"name":"wp","href":"https:\/\/api.w.org\/{rel}","templated":true}]}}