{"id":790,"date":"2018-05-15T14:40:21","date_gmt":"2018-05-15T12:40:21","guid":{"rendered":"https:\/\/www.policeboraine.be\/Police-Boraine\/?page_id=790"},"modified":"2018-05-15T16:52:56","modified_gmt":"2018-05-15T14:52:56","slug":"disclaimer","status":"publish","type":"page","link":"https:\/\/www.policeboraine.be\/Police-Boraine\/disclaimer\/","title":{"rendered":"Disclaimer"},"content":{"rendered":"<p>Veuillez lire ces dispositions attentivement. Le fait d'acc\u00e9der \u00e0 ce site confirme que vous avez lu, compris et accept\u00e9 ces dispositions.<\/p>\n<p>Le contenu de ce site est fourni exclusivement \u00e0 titre informatif et n'est pas destin\u00e9 \u00e0 \u00eatre distribu\u00e9 dans une juridiction dans laquelle une telle distribution serait interdite ou limit\u00e9e. Les utilisateurs sont pri\u00e9s de se renseigner sur ces \u00e9ventuelles restrictions et d'agir en conformit\u00e9 avec celles-ci.<\/p>\n<p>La police :<\/p>\n<ul>\n<li>ne garantit pas que les informations reprises dans les pages de la zone de police sont compl\u00e8tes, exhaustives ou exactes ;<\/li>\n<li>n'est pas responsable du contenu des fichiers li\u00e9s \u00e0 ce site web et\/ou des sites web r\u00e9f\u00e9renc\u00e9s ;<\/li>\n<li>ne d\u00e9sire pas effectuer un quelconque d\u00e9marchage, offrir d'entrer ou entrer dans une relation contractuelle avec quiconque, dans aucune juridiction, directement ou indirectement au moyen des pages de la zone de police ;<\/li>\n<li>d\u00e9cline toute responsabilit\u00e9 pour : la pr\u00e9sence de liens conduisant vers d'autres sites, le contenu de tout autre site \u2013 qu\u2019il s\u2019agisse d\u2019un site \u00e0 partir duquel le lecteur s'est connect\u00e9 au site de la zone de police ou d\u2019un site auquel le lecteur s\u2019est connect\u00e9 depuis le site de la zone de police \u2013 ou n'importe quelle cons\u00e9quence r\u00e9sultant d'actions bas\u00e9es sur le contenu d'autres sites web.<\/li>\n<\/ul>\n<p>Ce site et son contenu sont prot\u00e9g\u00e9s par la loi sur la propri\u00e9t\u00e9 intellectuelle.<\/p>\n<p>Il est interdit de reproduire, distribuer, modifier ou communiquer au public, en partie ou en totalit\u00e9, des \u00e9l\u00e9ments (textes, images, mise en page, logos, logiciels, \u2026) de ce site web ou de son contenu. Toute reproduction, divulgation, alt\u00e9ration ou communication au grand public d\u2019un ou plusieurs \u00e9l\u00e9ments de ce site web doit \u00eatre soumise \u00e0 l\u2019autorisation \u00e9crite expresse de la police locale.<\/p>\n<p>La police (l'\u00c9tat belge) d\u00e9cline toute responsabilit\u00e9 en ce qui concerne le contenu des pages de la zone de police ou pour le fait qu'une personne ait fait confiance (p.ex. lors de toute prise de d\u00e9cision ou de la pose de tout acte) aux informations contenues dans ces pages.<\/p>\n<p>Tout litige en rapport avec ce site et\/ou son contenu sera r\u00e9gl\u00e9 conform\u00e9ment au droit belge et implique concr\u00e8tement que vous vous soumettez \u00e0 la jurisprudence des tribunaux de Bruxelles, Belgique, et que vous acceptez que toute proc\u00e9dure soit port\u00e9e devant ces seuls tribunaux.<\/p>\n<p>Toute utilisation illicite de tout ou partie du site (piratage, contrefa\u00e7on, \u2026) pourra donner lieu \u00e0 des poursuites conform\u00e9ment aux lois en vigueur.<\/p>\n","protected":false},"excerpt":{"rendered":"<p>Veuillez lire ces dispositions attentivement. Le fait d&rsquo;acc\u00e9der \u00e0 ce site confirme que vous avez lu, compris et accept\u00e9 ces dispositions. Le contenu de ce site est fourni exclusivement \u00e0 titre informatif et n&rsquo;est pas destin\u00e9 \u00e0 \u00eatre distribu\u00e9 dans&#8230; <a class = \"more-link\" href=\"https:\/\/www.policeboraine.be\/Police-Boraine\/disclaimer\/\">Lire la suite<\/a><\/p>\n","protected":false},"author":11,"featured_media":0,"parent":0,"menu_order":0,"comment_status":"closed","ping_status":"closed","template":"","meta":{"_uag_custom_page_level_css":"","_monsterinsights_skip_tracking":false,"_monsterinsights_sitenote_active":false,"_monsterinsights_sitenote_note":"","_monsterinsights_sitenote_category":0,"footnotes":""},"class_list":["post-790","page","type-page","status-publish","hentry"],"uagb_featured_image_src":{"full":false,"thumbnail":false,"medium":false,"medium_large":false,"large":false,"1536x1536":false,"2048x2048":false},"uagb_author_info":{"display_name":"Stephane Archetti","author_link":"https:\/\/www.policeboraine.be\/Police-Boraine\/author\/admins\/"},"uagb_comment_info":0,"uagb_excerpt":"Veuillez lire ces dispositions attentivement. Le fait d'acc\u00e9der \u00e0 ce site confirme que vous avez lu, compris et accept\u00e9 ces dispositions. Le contenu de ce site est fourni exclusivement \u00e0 titre informatif et n'est pas destin\u00e9 \u00e0 \u00eatre distribu\u00e9 dans... Lire la suite","_links":{"self":[{"href":"https:\/\/www.policeboraine.be\/Police-Boraine\/wp-json\/wp\/v2\/pages\/790","targetHints":{"allow":["GET"]}}],"collection":[{"href":"https:\/\/www.policeboraine.be\/Police-Boraine\/wp-json\/wp\/v2\/pages"}],"about":[{"href":"https:\/\/www.policeboraine.be\/Police-Boraine\/wp-json\/wp\/v2\/types\/page"}],"author":[{"embeddable":true,"href":"https:\/\/www.policeboraine.be\/Police-Boraine\/wp-json\/wp\/v2\/users\/11"}],"replies":[{"embeddable":true,"href":"https:\/\/www.policeboraine.be\/Police-Boraine\/wp-json\/wp\/v2\/comments?post=790"}],"version-history":[{"count":2,"href":"https:\/\/www.policeboraine.be\/Police-Boraine\/wp-json\/wp\/v2\/pages\/790\/revisions"}],"predecessor-version":[{"id":796,"href":"https:\/\/www.policeboraine.be\/Police-Boraine\/wp-json\/wp\/v2\/pages\/790\/revisions\/796"}],"wp:attachment":[{"href":"https:\/\/www.policeboraine.be\/Police-Boraine\/wp-json\/wp\/v2\/media?parent=790"}],"curies":[{"name":"wp","href":"https:\/\/api.w.org\/{rel}","templated":true}]}}