{"id":936,"date":"2019-02-22T14:35:16","date_gmt":"2019-02-22T13:35:16","guid":{"rendered":"https:\/\/www.policeboraine.be\/Police-Boraine\/?page_id=936"},"modified":"2019-02-22T15:28:31","modified_gmt":"2019-02-22T14:28:31","slug":"dpo","status":"publish","type":"page","link":"https:\/\/www.policeboraine.be\/Police-Boraine\/dpo\/","title":{"rendered":"RGPD"},"content":{"rendered":"\n<p><em>Depuis\nmai 2018, le R\u00e8glement G\u00e9n\u00e9ral Europ\u00e9en sur la Protection des Donn\u00e9es est entr\u00e9\nen vigueur. Sa mise en application a impliqu\u00e9 la nomination de DPO (data\nprotect officer ou d\u00e9l\u00e9gu\u00e9 \u00e0 la protection des donn\u00e9es) au sein de notre Zone\nde Police.<\/em><\/p>\n\n\n\n<p><em>La\nmission principale du DPO est d\u2019assister le responsable du traitement (et les\n\u00e9ventuels sous-traitants) dans leur d\u00e9marche de conformit\u00e9 au RGPD. <\/em><\/p>\n\n\n\n<p><em>Les\nprincipales t\u00e2ches du DPO sont&nbsp;:<\/em><\/p>\n\n\n\n<ul class=\"wp-block-list\"><li><em>Informer, conseiller et fournir des      recommandations au responsable du traitement, aux sous-traitants et aux      employ\u00e9s de l\u2019organisation afin de se conformer au mieux au RGPD et aux      autres lois de protection des donn\u00e9es&nbsp;; <\/em><\/li><li><em>Contr\u00f4ler le respect du RGPD au sein de      l\u2019organisation<\/em><\/li><li><em>G\u00e9rer les processus de protection des donn\u00e9es <\/em><\/li><li><em>R\u00e9aliser des audits<\/em><\/li><li><em>Participer \u00e0 la r\u00e9alisation des analyses      d\u2019impact sur la protection des donn\u00e9es<\/em><\/li><li><em>Coop\u00e9rer avec l\u2019autorit\u00e9 de contr\u00f4le<\/em><\/li><li><em>G\u00e9rer les demandes des personnes concern\u00e9es<\/em><\/li><li><em>\u2026<\/em><\/li><\/ul>\n\n\n\n<p>Contactez notre DPO via ce formulaire :  <br><br>\n<div class=\"wpcf7 no-js\" id=\"wpcf7-f938-o1\" lang=\"fr-FR\" dir=\"ltr\" data-wpcf7-id=\"938\">\n<div class=\"screen-reader-response\"><p role=\"status\" aria-live=\"polite\" aria-atomic=\"true\"><\/p> <ul><\/ul><\/div>\n<form action=\"\/Police-Boraine\/wp-json\/wp\/v2\/pages\/936#wpcf7-f938-o1\" method=\"post\" class=\"wpcf7-form init\" aria-label=\"Formulaire de contact\" novalidate=\"novalidate\" data-status=\"init\">\n<fieldset class=\"hidden-fields-container\"><input type=\"hidden\" name=\"_wpcf7\" value=\"938\" \/><input type=\"hidden\" name=\"_wpcf7_version\" value=\"6.1.5\" \/><input type=\"hidden\" name=\"_wpcf7_locale\" value=\"fr_FR\" \/><input type=\"hidden\" name=\"_wpcf7_unit_tag\" value=\"wpcf7-f938-o1\" \/><input type=\"hidden\" name=\"_wpcf7_container_post\" value=\"0\" \/><input type=\"hidden\" name=\"_wpcf7_posted_data_hash\" value=\"\" \/><input type=\"hidden\" name=\"_wpcf7_recaptcha_response\" value=\"\" \/>\n<\/fieldset>\n<div class=\"alert alert-primary\" role=\"alert\">\n\t<p>En envoyant ce formulaire vous confirmez \u00eatre d'accord avec nos conditions d'utilisation consultable en <a href=\"\/Police-Boraine\/privacy\" target=\"_blank\">cliquant ici<\/a>.\n\t<\/p>\n<\/div>\n<div class = \"form-group\">\n\t<p><label for=\"inputName\">Votre nom <span class = \"required-field\">*<\/span> :<\/label><br \/>\n<span class=\"wpcf7-form-control-wrap\" data-name=\"your-name\"><input size=\"40\" maxlength=\"400\" class=\"wpcf7-form-control wpcf7-text wpcf7-validates-as-required form-control\" id=\"inputName\" aria-required=\"true\" aria-invalid=\"false\" value=\"\" type=\"text\" name=\"your-name\" \/><\/span>\n\t<\/p>\n<\/div>\n<div class = \"form-group\">\n\t<p><label for=\"inputMail\">Votre adresse de messagerie <span class = \"required-field\">*<\/span> :<\/label><br \/>\n<span class=\"wpcf7-form-control-wrap\" data-name=\"your-email\"><input size=\"40\" maxlength=\"400\" class=\"wpcf7-form-control wpcf7-email wpcf7-validates-as-required wpcf7-text wpcf7-validates-as-email form-control\" id=\"inputMail\" aria-required=\"true\" aria-invalid=\"false\" value=\"\" type=\"email\" name=\"your-email\" \/><\/span>\n\t<\/p>\n<\/div>\n<div class = \"form-group\">\n\t<p><label for=\"inputName\">Votre adresse <span class = \"required-field\">*<\/span> :<\/label><br \/>\n<span class=\"wpcf7-form-control-wrap\" data-name=\"your-adress\"><input size=\"40\" maxlength=\"400\" class=\"wpcf7-form-control wpcf7-text wpcf7-validates-as-required form-control\" aria-required=\"true\" aria-invalid=\"false\" value=\"\" type=\"text\" name=\"your-adress\" \/><\/span>\n\t<\/p>\n<\/div>\n<div class = \"form-group\">\n\t<p><label for=\"inputName\">Votre commune <span class = \"required-field\">*<\/span> :<\/label><br \/>\n<span class=\"wpcf7-form-control-wrap\" data-name=\"your-postalcode\"><select class=\"wpcf7-form-control wpcf7-select wpcf7-validates-as-required\" aria-required=\"true\" aria-invalid=\"false\" name=\"your-postalcode\"><option value=\"7340 - Colfontaine\">7340 - Colfontaine<\/option><option value=\"7300 - Boussu\">7300 - Boussu<\/option><option value=\"7330 - Saint Ghislain\">7330 - Saint Ghislain<\/option><option value=\"7080 - Frameries\">7080 - Frameries<\/option><option value=\"7390 - Quaregnon\">7390 - Quaregnon<\/option><\/select><\/span>\n\t<\/p>\n<\/div>\n<div class = \"form-group\">\n\t<p><label for=\"inputName\">Votre num\u00e9ro de t\u00e9l\u00e9phone <span class = \"required-field\">*<\/span> :<\/label><br \/>\n<span class=\"wpcf7-form-control-wrap\" data-name=\"your-phone\"><input size=\"40\" maxlength=\"400\" class=\"wpcf7-form-control wpcf7-text wpcf7-validates-as-required form-control\" aria-required=\"true\" aria-invalid=\"false\" value=\"\" type=\"text\" name=\"your-phone\" \/><\/span>\n\t<\/p>\n<\/div>\n<div class = \"form-group\">\n\t<p><label for=\"inputObjet\">Objet <span class = \"required-field\">*<\/span> :<\/label><br \/>\n<span class=\"wpcf7-form-control-wrap\" data-name=\"your-subject\"><input size=\"40\" maxlength=\"400\" class=\"wpcf7-form-control wpcf7-text wpcf7-validates-as-required form-control\" id=\"inputObjet\" aria-required=\"true\" aria-invalid=\"false\" value=\"\" type=\"text\" name=\"your-subject\" \/><\/span>\n\t<\/p>\n<\/div>\n<div class = \"form-group\">\n\t<p><label for=\"inputMessage\">Votre message <span class = \"required-field\">*<\/span> :<\/label><br \/>\n<span class=\"wpcf7-form-control-wrap\" data-name=\"your-message\"><textarea cols=\"40\" rows=\"10\" maxlength=\"2000\" class=\"wpcf7-form-control wpcf7-textarea wpcf7-validates-as-required form-control\" id=\"inputMessage\" aria-required=\"true\" aria-invalid=\"false\" name=\"your-message\"><\/textarea><\/span>\n\t<\/p>\n<\/div>\n<div class = \"form-group\">\n\n<\/div>\n<div class = \"form-group\">\n\t<p><small>Les champs marqu\u00e9s d'une <span class = \"required-field\">*<\/span> sont obligatoires <\/small>\n\t<\/p>\n<\/div>\n<div class = \"form-group\">\n\t<p><input class=\"wpcf7-form-control wpcf7-submit has-spinner btn btn-primary button-blue pb-size-100\" type=\"submit\" value=\"Envoyer\" \/>\n\t<\/p>\n<\/div><p style=\"display: none !important;\" class=\"akismet-fields-container\" data-prefix=\"_wpcf7_ak_\"><label>&#916;<textarea name=\"_wpcf7_ak_hp_textarea\" cols=\"45\" rows=\"8\" maxlength=\"100\"><\/textarea><\/label><input type=\"hidden\" id=\"ak_js_1\" name=\"_wpcf7_ak_js\" value=\"183\"\/><script>document.getElementById( \"ak_js_1\" ).setAttribute( \"value\", ( new Date() ).getTime() );<\/script><\/p><div class=\"wpcf7-response-output\" aria-hidden=\"true\"><\/div>\n<\/form>\n<\/div>\n<br><\/p>\n\n\n\n<p><\/p>\n","protected":false},"excerpt":{"rendered":"<p>Depuis mai 2018, le R\u00e8glement G\u00e9n\u00e9ral Europ\u00e9en sur la Protection des Donn\u00e9es est entr\u00e9 en vigueur. Sa mise en application a impliqu\u00e9 la nomination de DPO (data protect officer ou d\u00e9l\u00e9gu\u00e9 \u00e0 la protection des donn\u00e9es) au sein de notre&#8230; <a class = \"more-link\" href=\"https:\/\/www.policeboraine.be\/Police-Boraine\/dpo\/\">Lire la suite<\/a><\/p>\n","protected":false},"author":11,"featured_media":0,"parent":0,"menu_order":0,"comment_status":"closed","ping_status":"closed","template":"","meta":{"_uag_custom_page_level_css":"","_monsterinsights_skip_tracking":false,"_monsterinsights_sitenote_active":false,"_monsterinsights_sitenote_note":"","_monsterinsights_sitenote_category":0,"footnotes":""},"class_list":["post-936","page","type-page","status-publish","hentry"],"uagb_featured_image_src":{"full":false,"thumbnail":false,"medium":false,"medium_large":false,"large":false,"1536x1536":false,"2048x2048":false},"uagb_author_info":{"display_name":"Stephane Archetti","author_link":"https:\/\/www.policeboraine.be\/Police-Boraine\/author\/admins\/"},"uagb_comment_info":0,"uagb_excerpt":"Depuis mai 2018, le R\u00e8glement G\u00e9n\u00e9ral Europ\u00e9en sur la Protection des Donn\u00e9es est entr\u00e9 en vigueur. Sa mise en application a impliqu\u00e9 la nomination de DPO (data protect officer ou d\u00e9l\u00e9gu\u00e9 \u00e0 la protection des donn\u00e9es) au sein de notre... Lire la suite","_links":{"self":[{"href":"https:\/\/www.policeboraine.be\/Police-Boraine\/wp-json\/wp\/v2\/pages\/936","targetHints":{"allow":["GET"]}}],"collection":[{"href":"https:\/\/www.policeboraine.be\/Police-Boraine\/wp-json\/wp\/v2\/pages"}],"about":[{"href":"https:\/\/www.policeboraine.be\/Police-Boraine\/wp-json\/wp\/v2\/types\/page"}],"author":[{"embeddable":true,"href":"https:\/\/www.policeboraine.be\/Police-Boraine\/wp-json\/wp\/v2\/users\/11"}],"replies":[{"embeddable":true,"href":"https:\/\/www.policeboraine.be\/Police-Boraine\/wp-json\/wp\/v2\/comments?post=936"}],"version-history":[{"count":4,"href":"https:\/\/www.policeboraine.be\/Police-Boraine\/wp-json\/wp\/v2\/pages\/936\/revisions"}],"predecessor-version":[{"id":945,"href":"https:\/\/www.policeboraine.be\/Police-Boraine\/wp-json\/wp\/v2\/pages\/936\/revisions\/945"}],"wp:attachment":[{"href":"https:\/\/www.policeboraine.be\/Police-Boraine\/wp-json\/wp\/v2\/media?parent=936"}],"curies":[{"name":"wp","href":"https:\/\/api.w.org\/{rel}","templated":true}]}}